{"id":642,"date":"2025-09-18T19:40:58","date_gmt":"2025-09-18T16:40:58","guid":{"rendered":"https:\/\/gelindunyasi.com.tr\/?page_id=642"},"modified":"2025-09-18T19:49:01","modified_gmt":"2025-09-18T16:49:01","slug":"urunlerimiz","status":"publish","type":"page","link":"https:\/\/gelindunyasi.com.tr\/index.php\/urunlerimiz\/","title":{"rendered":"\u00dcR\u00dcNLER\u0130M\u0130Z"},"content":{"rendered":"\t\t<div data-elementor-type=\"wp-page\" data-elementor-id=\"642\" class=\"elementor elementor-642\">\n\t\t\t\t<div class=\"elementor-element elementor-element-fc572fb e-flex e-con-boxed e-con e-parent\" data-id=\"fc572fb\" data-element_type=\"container\">\n\t\t\t\t\t<div class=\"e-con-inner\">\n\t\t\t\t<div class=\"elementor-element elementor-element-75bdaae elementor-widget elementor-widget-gva-heading-block\" data-id=\"75bdaae\" data-element_type=\"widget\" data-widget_type=\"gva-heading-block.default\">\n\t\t\t\t<div class=\"elementor-widget-container\">\n\t\t\t\t\t<div class=\"gva-element-gva-heading-block gva-element\">   <div class=\"align-left style-1 widget gsc-heading box-align-left auto-responsive\">\r\n      <div class=\"content-inner\">\r\n         \r\n                  \r\n         <div class=\"sub-title\"><span class=\"tagline\">#Gelin D\u00fcnyas\u0131<\/span><\/div>  \r\n         \r\n                     <h2 class=\"title hl-underline-1\">\r\n               <span>\u00dcR\u00dcN \u00c7E\u015e\u0130TL\u0130L\u0130\u011e\u0130M\u0130Z<\/span>\r\n            <\/h2>\r\n                  \r\n         \r\n         \r\n      <\/div>\r\n   <\/div>\r\n<\/div>\t\t\t\t<\/div>\n\t\t\t\t<\/div>\n\t\t\t\t\t<\/div>\n\t\t\t\t<\/div>\n\t\t<div class=\"elementor-element elementor-element-87a5d81 e-flex e-con-boxed e-con e-parent\" data-id=\"87a5d81\" data-element_type=\"container\">\n\t\t\t\t\t<div class=\"e-con-inner\">\n\t\t\t\t<div class=\"elementor-element elementor-element-5d9d217 elementor-widget elementor-widget-gva-services\" data-id=\"5d9d217\" data-element_type=\"widget\" data-widget_type=\"gva-services.default\">\n\t\t\t\t<div class=\"elementor-widget-container\">\n\t\t\t\t\t<div class=\"gva-element-gva-services gva-element\">\r\n<div class=\"swiper-slider-wrapper gsc-services layout-carousel style-3 \">\r\n   <div class=\"swiper-content-inner\">   \r\n      <div class=\"init-carousel-swiper swiper\" data-carousel=\"{&quot;items&quot;:4,&quot;items_lg&quot;:4,&quot;items_md&quot;:4,&quot;items_sm&quot;:3,&quot;items_xs&quot;:2,&quot;items_xx&quot;:1,&quot;effect&quot;:&quot;slide&quot;,&quot;space_between&quot;:30,&quot;loop&quot;:1,&quot;speed&quot;:1200,&quot;autoplay&quot;:0,&quot;autoplay_delay&quot;:5000,&quot;autoplay_hover&quot;:1,&quot;navigation&quot;:1,&quot;pagination&quot;:0,&quot;dynamic_bullets&quot;:0,&quot;pagination_type&quot;:&quot;bullets&quot;}\">\r\n         <div class=\"swiper-wrapper\">\r\n                           <div class=\"swiper-slide\">\r\n                  \r\n\t\r\n\r\n\r\n<div class=\"service-three__single\"><div class=\"service-three__content\"><div class=\"service-three__content-inner\"><span class=\"service-three__icon\"><span class=\"service-three__icon-inner\"><i aria-hidden=\"true\" class=\" cicon-checkmark-1\"><\/i><\/span><\/span><h4 class=\"service-three__title\"><span>Havlular<\/span><\/h4><\/div><div class=\"service-three__image\"><img decoding=\"async\" src=\"https:\/\/gelindunyasi.com.tr\/wp-content\/uploads\/2025\/09\/03.png\" alt=\"Havlular\"\/><div class=\"service-three__button\"><a href=\"#\"><i class=\"cicon-up-right-arrow\"><\/i><\/a><\/div><\/div>\t\t  <a href=\"#\" class=\"service-three__link-overlay\"><\/a>\r\n\t\t  <\/div><\/div>               <\/div>\r\n                           <div class=\"swiper-slide\">\r\n                  \r\n\t\r\n\r\n\r\n<div class=\"service-three__single\"><div class=\"service-three__content\"><div class=\"service-three__content-inner\"><span class=\"service-three__icon\"><span class=\"service-three__icon-inner\"><i aria-hidden=\"true\" class=\" cicon-checkmark-1\"><\/i><\/span><\/span><h4 class=\"service-three__title\"><span>Bornozlar<\/span><\/h4><\/div><div class=\"service-three__image\"><img decoding=\"async\" src=\"https:\/\/gelindunyasi.com.tr\/wp-content\/uploads\/2025\/09\/o2.png\" alt=\"Bornozlar\"\/><div class=\"service-three__button\"><a href=\"#\"><i class=\"cicon-up-right-arrow\"><\/i><\/a><\/div><\/div>\t\t  <a href=\"#\" class=\"service-three__link-overlay\"><\/a>\r\n\t\t  <\/div><\/div>               <\/div>\r\n                           <div class=\"swiper-slide\">\r\n                  \r\n\t\r\n\r\n\r\n<div class=\"service-three__single\"><div class=\"service-three__content\"><div class=\"service-three__content-inner\"><span class=\"service-three__icon\"><span class=\"service-three__icon-inner\"><i aria-hidden=\"true\" class=\" cicon-checkmark-1\"><\/i><\/span><\/span><h4 class=\"service-three__title\"><span>Battaniye <\/span><\/h4><\/div><div class=\"service-three__image\"><img decoding=\"async\" src=\"https:\/\/gelindunyasi.com.tr\/wp-content\/uploads\/2025\/09\/o3.png\" alt=\"Battaniye \"\/><div class=\"service-three__button\"><a href=\"#\"><i class=\"cicon-up-right-arrow\"><\/i><\/a><\/div><\/div>\t\t  <a href=\"#\" class=\"service-three__link-overlay\"><\/a>\r\n\t\t  <\/div><\/div>               <\/div>\r\n                           <div class=\"swiper-slide\">\r\n                  \r\n\t\r\n\r\n\r\n<div class=\"service-three__single\"><div class=\"service-three__content\"><div class=\"service-three__content-inner\"><span class=\"service-three__icon\"><span class=\"service-three__icon-inner\"><i aria-hidden=\"true\" class=\" cicon-checkmark-1\"><\/i><\/span><\/span><h4 class=\"service-three__title\"><span>Pamuk Yorgan<\/span><\/h4><\/div><div class=\"service-three__image\"><img decoding=\"async\" src=\"https:\/\/gelindunyasi.com.tr\/wp-content\/uploads\/2025\/09\/o4.png\" alt=\"Pamuk Yorgan\"\/><div class=\"service-three__button\"><a href=\"#\"><i class=\"cicon-up-right-arrow\"><\/i><\/a><\/div><\/div>\t\t  <a href=\"#\" class=\"service-three__link-overlay\"><\/a>\r\n\t\t  <\/div><\/div>               <\/div>\r\n                           <div class=\"swiper-slide\">\r\n                  \r\n\t\r\n\r\n\r\n<div class=\"service-three__single\"><div class=\"service-three__content\"><div class=\"service-three__content-inner\"><span class=\"service-three__icon\"><span class=\"service-three__icon-inner\"><i aria-hidden=\"true\" class=\" cicon-checkmark-1\"><\/i><\/span><\/span><h4 class=\"service-three__title\"><span>Nevresim Tak\u0131m\u0131<\/span><\/h4><\/div><div class=\"service-three__image\"><img decoding=\"async\" src=\"https:\/\/gelindunyasi.com.tr\/wp-content\/uploads\/2025\/09\/k1.png\" alt=\"Nevresim Tak\u0131m\u0131\"\/><div class=\"service-three__button\"><a href=\"#\"><i class=\"cicon-up-right-arrow\"><\/i><\/a><\/div><\/div>\t\t  <a href=\"#\" class=\"service-three__link-overlay\"><\/a>\r\n\t\t  <\/div><\/div>               <\/div>\r\n                           <div class=\"swiper-slide\">\r\n                  \r\n\t\r\n\r\n\r\n<div class=\"service-three__single\"><div class=\"service-three__content\"><div class=\"service-three__content-inner\"><span class=\"service-three__icon\"><span class=\"service-three__icon-inner\"><i aria-hidden=\"true\" class=\" cicon-checkmark-1\"><\/i><\/span><\/span><h4 class=\"service-three__title\"><span>Bebek Nevresim<\/span><\/h4><\/div><div class=\"service-three__image\"><img decoding=\"async\" src=\"https:\/\/gelindunyasi.com.tr\/wp-content\/uploads\/2025\/09\/959.png\" alt=\"Bebek Nevresim\"\/><div class=\"service-three__button\"><a href=\"#\"><i class=\"cicon-up-right-arrow\"><\/i><\/a><\/div><\/div>\t\t  <a href=\"#\" class=\"service-three__link-overlay\"><\/a>\r\n\t\t  <\/div><\/div>               <\/div>\r\n                           <div class=\"swiper-slide\">\r\n                  \r\n\t\r\n\r\n\r\n<div class=\"service-three__single\"><div class=\"service-three__content\"><div class=\"service-three__content-inner\"><span class=\"service-three__icon\"><span class=\"service-three__icon-inner\"><i aria-hidden=\"true\" class=\" cicon-checkmark-1\"><\/i><\/span><\/span><h4 class=\"service-three__title\"><span>Gelin Seti<\/span><\/h4><\/div><div class=\"service-three__image\"><img decoding=\"async\" src=\"https:\/\/gelindunyasi.com.tr\/wp-content\/uploads\/2025\/09\/k3.png\" alt=\"Gelin Seti\"\/><div class=\"service-three__button\"><a href=\"#\"><i class=\"cicon-up-right-arrow\"><\/i><\/a><\/div><\/div>\t\t  <a href=\"#\" class=\"service-three__link-overlay\"><\/a>\r\n\t\t  <\/div><\/div>               <\/div>\r\n                           <div class=\"swiper-slide\">\r\n                  \r\n\t\r\n\r\n\r\n<div class=\"service-three__single\"><div class=\"service-three__content\"><div class=\"service-three__content-inner\"><span class=\"service-three__icon\"><span class=\"service-three__icon-inner\"><i aria-hidden=\"true\" class=\" cicon-checkmark-1\"><\/i><\/span><\/span><h4 class=\"service-three__title\"><span>Pikeler<\/span><\/h4><\/div><div class=\"service-three__image\"><img decoding=\"async\" src=\"https:\/\/gelindunyasi.com.tr\/wp-content\/uploads\/2025\/09\/958.png\" alt=\"Pikeler\"\/><div class=\"service-three__button\"><a href=\"#\"><i class=\"cicon-up-right-arrow\"><\/i><\/a><\/div><\/div>\t\t  <a href=\"#\" class=\"service-three__link-overlay\"><\/a>\r\n\t\t  <\/div><\/div>               <\/div>\r\n                           <div class=\"swiper-slide\">\r\n                  \r\n\t\r\n\r\n\r\n<div class=\"service-three__single\"><div class=\"service-three__content\"><div class=\"service-three__content-inner\"><span class=\"service-three__icon\"><span class=\"service-three__icon-inner\"><i aria-hidden=\"true\" class=\" cicon-checkmark-1\"><\/i><\/span><\/span><h4 class=\"service-three__title\"><span>Yemek Tak\u0131m\u0131<\/span><\/h4><\/div><div class=\"service-three__image\"><img decoding=\"async\" src=\"https:\/\/gelindunyasi.com.tr\/wp-content\/uploads\/2025\/09\/9578.png\" alt=\"Yemek Tak\u0131m\u0131\"\/><div class=\"service-three__button\"><a href=\"#\"><i class=\"cicon-up-right-arrow\"><\/i><\/a><\/div><\/div>\t\t  <a href=\"#\" class=\"service-three__link-overlay\"><\/a>\r\n\t\t  <\/div><\/div>               <\/div>\r\n                           <div class=\"swiper-slide\">\r\n                  \r\n\t\r\n\r\n\r\n<div class=\"service-three__single\"><div class=\"service-three__content\"><div class=\"service-three__content-inner\"><span class=\"service-three__icon\"><span class=\"service-three__icon-inner\"><i aria-hidden=\"true\" class=\"far fa-check-circle\"><\/i><\/span><\/span><h4 class=\"service-three__title\"><span>Rezidans Konsept \u00d6zel \u00dcretim<\/span><\/h4><\/div><div class=\"service-three__image\"><img decoding=\"async\" src=\"https:\/\/gelindunyasi.com.tr\/wp-content\/uploads\/2025\/09\/7411.png\" alt=\"Rezidans Konsept \u00d6zel \u00dcretim\"\/><\/div><\/div><\/div>               <\/div>\r\n                           <div class=\"swiper-slide\">\r\n                  \r\n\t\r\n\r\n\r\n<div class=\"service-three__single\"><div class=\"service-three__content\"><div class=\"service-three__content-inner\"><span class=\"service-three__icon\"><span class=\"service-three__icon-inner\"><i aria-hidden=\"true\" class=\"far fa-check-circle\"><\/i><\/span><\/span><h4 class=\"service-three__title\"><span>Rezidans Konsept Uygulama<\/span><\/h4><\/div><div class=\"service-three__image\"><img decoding=\"async\" src=\"https:\/\/gelindunyasi.com.tr\/wp-content\/uploads\/2025\/09\/4847.png\" alt=\"Rezidans Konsept Uygulama\"\/><\/div><\/div><\/div>               <\/div>\r\n                     <\/div> \r\n      <\/div>\r\n   <\/div>   \r\n   <div class=\"swiper-pagination\"><\/div>   <div class=\"swiper-nav-next\"><\/div><div class=\"swiper-nav-prev\"><\/div><\/div>\r\n<\/div>\t\t\t\t<\/div>\n\t\t\t\t<\/div>\n\t\t\t\t\t<\/div>\n\t\t\t\t<\/div>\n\t\t\t\t<\/div>\n\t\t","protected":false},"excerpt":{"rendered":"<p>#Gelin D\u00fcnyas\u0131 \u00dcR\u00dcN \u00c7E\u015e\u0130TL\u0130L\u0130\u011e\u0130M\u0130Z Havlular Bornozlar Battaniye Pamuk Yorgan Nevresim Tak\u0131m\u0131 Bebek Nevresim Gelin Seti Pikeler Yemek Tak\u0131m\u0131 Rezidans Konsept \u00d6zel \u00dcretim Rezidans Konsept Uygulama<\/p>\n","protected":false},"author":1,"featured_media":0,"parent":0,"menu_order":0,"comment_status":"closed","ping_status":"closed","template":"","meta":{"footnotes":""},"class_list":["post-642","page","type-page","status-publish","hentry"],"_links":{"self":[{"href":"https:\/\/gelindunyasi.com.tr\/index.php\/wp-json\/wp\/v2\/pages\/642","targetHints":{"allow":["GET"]}}],"collection":[{"href":"https:\/\/gelindunyasi.com.tr\/index.php\/wp-json\/wp\/v2\/pages"}],"about":[{"href":"https:\/\/gelindunyasi.com.tr\/index.php\/wp-json\/wp\/v2\/types\/page"}],"author":[{"embeddable":true,"href":"https:\/\/gelindunyasi.com.tr\/index.php\/wp-json\/wp\/v2\/users\/1"}],"replies":[{"embeddable":true,"href":"https:\/\/gelindunyasi.com.tr\/index.php\/wp-json\/wp\/v2\/comments?post=642"}],"version-history":[{"count":4,"href":"https:\/\/gelindunyasi.com.tr\/index.php\/wp-json\/wp\/v2\/pages\/642\/revisions"}],"predecessor-version":[{"id":656,"href":"https:\/\/gelindunyasi.com.tr\/index.php\/wp-json\/wp\/v2\/pages\/642\/revisions\/656"}],"wp:attachment":[{"href":"https:\/\/gelindunyasi.com.tr\/index.php\/wp-json\/wp\/v2\/media?parent=642"}],"curies":[{"name":"wp","href":"https:\/\/api.w.org\/{rel}","templated":true}]}}